{"id":1252,"date":"2023-02-11T14:57:41","date_gmt":"2023-02-11T14:57:41","guid":{"rendered":"https:\/\/www.orsini-treuhand.ch\/carriera\/"},"modified":"2023-04-14T12:07:07","modified_gmt":"2023-04-14T12:07:07","slug":"carriera","status":"publish","type":"page","link":"https:\/\/www.orsini-treuhand.ch\/it\/carriera\/","title":{"rendered":"Carriera"},"content":{"rendered":"\t\t<div data-elementor-type=\"wp-page\" data-elementor-id=\"1252\" class=\"elementor elementor-1252 elementor-194\" data-elementor-post-type=\"page\">\n\t\t\t\t\t\t<section class=\"elementor-section elementor-top-section elementor-element elementor-element-3acb87c elementor-section-full_width elementor-section-height-min-height elementor-section-items-stretch elementor-section-content-middle elementor-section-height-default\" data-id=\"3acb87c\" data-element_type=\"section\" data-settings=\"{&quot;background_background&quot;:&quot;classic&quot;,&quot;jet_parallax_layout_list&quot;:[]}\">\n\t\t\t\t\t\t<div class=\"elementor-container elementor-column-gap-no\">\n\t\t\t\t\t<div class=\"elementor-column elementor-col-50 elementor-top-column elementor-element elementor-element-4b8b169a\" data-id=\"4b8b169a\" data-element_type=\"column\" data-settings=\"{&quot;background_background&quot;:&quot;classic&quot;}\">\n\t\t\t<div class=\"elementor-widget-wrap elementor-element-populated\">\n\t\t\t\t\t\t<div class=\"elementor-element elementor-element-25bf8fe elementor-widget elementor-widget-spacer\" data-id=\"25bf8fe\" data-element_type=\"widget\" data-widget_type=\"spacer.default\">\n\t\t\t\t<div class=\"elementor-widget-container\">\n\t\t\t<style>\/*! elementor - v3.23.0 - 10-07-2024 *\/\n.elementor-column .elementor-spacer-inner{height:var(--spacer-size)}.e-con{--container-widget-width:100%}.e-con-inner>.elementor-widget-spacer,.e-con>.elementor-widget-spacer{width:var(--container-widget-width,var(--spacer-size));--align-self:var(--container-widget-align-self,initial);--flex-shrink:0}.e-con-inner>.elementor-widget-spacer>.elementor-widget-container,.e-con>.elementor-widget-spacer>.elementor-widget-container{height:100%;width:100%}.e-con-inner>.elementor-widget-spacer>.elementor-widget-container>.elementor-spacer,.e-con>.elementor-widget-spacer>.elementor-widget-container>.elementor-spacer{height:100%}.e-con-inner>.elementor-widget-spacer>.elementor-widget-container>.elementor-spacer>.elementor-spacer-inner,.e-con>.elementor-widget-spacer>.elementor-widget-container>.elementor-spacer>.elementor-spacer-inner{height:var(--container-widget-height,var(--spacer-size))}.e-con-inner>.elementor-widget-spacer.elementor-widget-empty,.e-con>.elementor-widget-spacer.elementor-widget-empty{position:relative;min-height:22px;min-width:22px}.e-con-inner>.elementor-widget-spacer.elementor-widget-empty .elementor-widget-empty-icon,.e-con>.elementor-widget-spacer.elementor-widget-empty .elementor-widget-empty-icon{position:absolute;top:0;bottom:0;left:0;right:0;margin:auto;padding:0;width:22px;height:22px}<\/style>\t\t<div class=\"elementor-spacer\">\n\t\t\t<div class=\"elementor-spacer-inner\"><\/div>\n\t\t<\/div>\n\t\t\t\t<\/div>\n\t\t\t\t<\/div>\n\t\t\t\t\t<\/div>\n\t\t<\/div>\n\t\t\t\t<div class=\"elementor-column elementor-col-50 elementor-top-column elementor-element elementor-element-1a85e224\" data-id=\"1a85e224\" data-element_type=\"column\">\n\t\t\t<div class=\"elementor-widget-wrap elementor-element-populated\">\n\t\t\t\t\t\t<div class=\"elementor-element elementor-element-24c3c55d elementor-widget elementor-widget-heading\" data-id=\"24c3c55d\" data-element_type=\"widget\" data-widget_type=\"heading.default\">\n\t\t\t\t<div class=\"elementor-widget-container\">\n\t\t\t<style>\/*! elementor - v3.23.0 - 10-07-2024 *\/\n.elementor-heading-title{padding:0;margin:0;line-height:1}.elementor-widget-heading .elementor-heading-title[class*=elementor-size-]>a{color:inherit;font-size:inherit;line-height:inherit}.elementor-widget-heading .elementor-heading-title.elementor-size-small{font-size:15px}.elementor-widget-heading .elementor-heading-title.elementor-size-medium{font-size:19px}.elementor-widget-heading .elementor-heading-title.elementor-size-large{font-size:29px}.elementor-widget-heading .elementor-heading-title.elementor-size-xl{font-size:39px}.elementor-widget-heading .elementor-heading-title.elementor-size-xxl{font-size:59px}<\/style><h1 class=\"elementor-heading-title elementor-size-default\">Carriera<\/h1>\t\t<\/div>\n\t\t\t\t<\/div>\n\t\t\t\t<div class=\"elementor-element elementor-element-74dda465 elementor-widget elementor-widget-text-editor\" data-id=\"74dda465\" data-element_type=\"widget\" data-widget_type=\"text-editor.default\">\n\t\t\t\t<div class=\"elementor-widget-container\">\n\t\t\t<style>\/*! elementor - v3.23.0 - 10-07-2024 *\/\n.elementor-widget-text-editor.elementor-drop-cap-view-stacked .elementor-drop-cap{background-color:#69727d;color:#fff}.elementor-widget-text-editor.elementor-drop-cap-view-framed .elementor-drop-cap{color:#69727d;border:3px solid;background-color:transparent}.elementor-widget-text-editor:not(.elementor-drop-cap-view-default) .elementor-drop-cap{margin-top:8px}.elementor-widget-text-editor:not(.elementor-drop-cap-view-default) .elementor-drop-cap-letter{width:1em;height:1em}.elementor-widget-text-editor .elementor-drop-cap{float:left;text-align:center;line-height:1;font-size:50px}.elementor-widget-text-editor .elementor-drop-cap-letter{display:inline-block}<\/style>\t\t\t\t<p>Siamo sempre alla ricerca di persone talentuose e motivate da inserire nel nostro team.<\/p>\n\t\t\t\t\t\t<\/div>\n\t\t\t\t<\/div>\n\t\t\t\t\t<\/div>\n\t\t<\/div>\n\t\t\t\t\t<\/div>\n\t\t<\/section>\n\t\t\t\t<section class=\"elementor-section elementor-top-section elementor-element elementor-element-31d16a29 elementor-section-full_width elementor-section-height-default elementor-section-height-default\" data-id=\"31d16a29\" data-element_type=\"section\" id=\"next\" data-settings=\"{&quot;jet_parallax_layout_list&quot;:[]}\">\n\t\t\t\t\t\t<div class=\"elementor-container elementor-column-gap-no\">\n\t\t\t\t\t<div class=\"elementor-column elementor-col-100 elementor-top-column elementor-element elementor-element-317bf178\" data-id=\"317bf178\" data-element_type=\"column\">\n\t\t\t<div class=\"elementor-widget-wrap elementor-element-populated\">\n\t\t\t\t\t\t<div class=\"elementor-element elementor-element-1e9e5c4f elementor-widget elementor-widget-heading\" data-id=\"1e9e5c4f\" data-element_type=\"widget\" data-widget_type=\"heading.default\">\n\t\t\t\t<div class=\"elementor-widget-container\">\n\t\t\t<h2 class=\"elementor-heading-title elementor-size-default\">Offerte di lavoro<\/h2>\t\t<\/div>\n\t\t\t\t<\/div>\n\t\t\t\t<div class=\"elementor-element elementor-element-7311dfbe elementor-widget elementor-widget-heading\" data-id=\"7311dfbe\" data-element_type=\"widget\" data-widget_type=\"heading.default\">\n\t\t\t\t<div class=\"elementor-widget-container\">\n\t\t\t<h5 class=\"elementor-heading-title elementor-size-default\">Entrate a far parte del nostro team di successo - candidatevi ora presso la Fiduciaria ORSINI.<\/h5>\t\t<\/div>\n\t\t\t\t<\/div>\n\t\t\t\t\t<\/div>\n\t\t<\/div>\n\t\t\t\t\t<\/div>\n\t\t<\/section>\n\t\t\t\t<section class=\"elementor-section elementor-top-section elementor-element elementor-element-a5c045f elementor-section-boxed elementor-section-height-default elementor-section-height-default\" data-id=\"a5c045f\" data-element_type=\"section\" data-settings=\"{&quot;jet_parallax_layout_list&quot;:[]}\">\n\t\t\t\t\t\t<div class=\"elementor-container elementor-column-gap-default\">\n\t\t\t\t\t<div class=\"elementor-column elementor-col-100 elementor-top-column elementor-element elementor-element-173f1e6\" data-id=\"173f1e6\" data-element_type=\"column\">\n\t\t\t<div class=\"elementor-widget-wrap elementor-element-populated\">\n\t\t\t\t\t\t<div class=\"elementor-element elementor-element-1f42e56 elementor-widget elementor-widget-shortcode\" data-id=\"1f42e56\" data-element_type=\"widget\" data-widget_type=\"shortcode.default\">\n\t\t\t\t<div class=\"elementor-widget-container\">\n\t\t\t\t\t<div class=\"elementor-shortcode\"><div class=\"job-listing row clearfix\"><div class=\"column medium-12 col-md-12\"><div class=\"job-preview clearfix\" ><div class=\"job-content\"><h5><a href=\"https:\/\/www.orsini-treuhand.ch\/it\/job\/praktikant-aushilfe-im-bereich-marketing-2\/\" target=\"_self\"><span>Praktikant:in (m\/w\/d) im Bereich B\u00fcroassistenz der Gesch\u00e4ftsf\u00fchrung<\/span><\/a><\/h5><div class=\"job-additional-information\"><\/div><\/div><div class=\"job-cta\"><a href=\"https:\/\/www.orsini-treuhand.ch\/it\/job\/praktikant-aushilfe-im-bereich-marketing-2\/\" target=\"_self\" class=\"apply-btn local\">View<\/a><\/div><\/div><div class=\"job-preview clearfix\" ><div class=\"job-content\"><h5><a href=\"https:\/\/www.orsini-treuhand.ch\/it\/job\/praktikant-aushilfe-im-bereich-marketing\/\" target=\"_self\"><span>Praktikant\/Aushilfe im Bereich Marketing<\/span><\/a><\/h5><div class=\"job-additional-information\"><\/div><\/div><div class=\"job-cta\"><a href=\"https:\/\/www.orsini-treuhand.ch\/it\/job\/praktikant-aushilfe-im-bereich-marketing\/\" target=\"_self\" class=\"apply-btn local\">View<\/a><\/div><\/div><div class=\"job-preview clearfix\" ><div class=\"job-content\"><h5><a href=\"https:\/\/www.orsini-treuhand.ch\/it\/job\/praktikant-in-aushilfe-als-assistent-in\/\" target=\"_self\"><span>Praktikant\/in - Aushilfe als Assistent\/in<\/span><\/a><\/h5><div class=\"job-additional-information\"><\/div><\/div><div class=\"job-cta\"><a href=\"https:\/\/www.orsini-treuhand.ch\/it\/job\/praktikant-in-aushilfe-als-assistent-in\/\" target=\"_self\" class=\"apply-btn local\">View<\/a><\/div><\/div><div class=\"job-preview clearfix\" ><div class=\"job-content\"><h5><a href=\"https:\/\/www.orsini-treuhand.ch\/it\/job\/2193\/\" target=\"_self\"><span>Praktikant\/in im Treuhandwesen<\/span><\/a><\/h5><div class=\"job-additional-information\"><\/div><\/div><div class=\"job-cta\"><a href=\"https:\/\/www.orsini-treuhand.ch\/it\/job\/2193\/\" target=\"_self\" class=\"apply-btn local\">View<\/a><\/div><\/div><div class=\"job-preview clearfix\" ><div class=\"job-content\"><h5><a href=\"https:\/\/www.orsini-treuhand.ch\/it\/job\/544-3\/\" target=\"_self\"><span>Mandatsleiter\/-in Buchhalter\/-in mit eidg. FA<\/span><\/a><\/h5><div class=\"job-additional-information\"><\/div><\/div><div class=\"job-cta\"><a href=\"https:\/\/www.orsini-treuhand.ch\/it\/job\/544-3\/\" target=\"_self\" class=\"apply-btn local\">View<\/a><\/div><\/div><div class=\"job-preview clearfix\" ><div class=\"job-content\"><h5><a href=\"https:\/\/www.orsini-treuhand.ch\/it\/job\/544-2\/\" target=\"_self\"><span>Buchhalter\/-in mit eidg. FA<\/span><\/a><\/h5><div class=\"job-additional-information\"><\/div><\/div><div class=\"job-cta\"><a href=\"https:\/\/www.orsini-treuhand.ch\/it\/job\/544-2\/\" target=\"_self\" class=\"apply-btn local\">View<\/a><\/div><\/div><div class=\"job-preview clearfix\" ><div class=\"job-content\"><h5><a href=\"https:\/\/www.orsini-treuhand.ch\/it\/job\/544\/\" target=\"_self\"><span>Mandatsleiter\/-in Buchhalter\/-in mit eidg. FA<\/span><\/a><\/h5><div class=\"job-additional-information\"><\/div><\/div><div class=\"job-cta\"><a href=\"https:\/\/www.orsini-treuhand.ch\/it\/job\/544\/\" target=\"_self\" class=\"apply-btn local\">View<\/a><\/div><\/div><\/div><\/div><\/div>\n\t\t\t\t<\/div>\n\t\t\t\t<\/div>\n\t\t\t\t\t<\/div>\n\t\t<\/div>\n\t\t\t\t\t<\/div>\n\t\t<\/section>\n\t\t\t\t<\/div>\n\t\t","protected":false},"excerpt":{"rendered":"<p>Carriera Siamo sempre alla ricerca di persone talentuose e motivate da inserire nel nostro team. Offerte di lavoro Entrate a far parte del nostro team di successo &#8211; candidatevi ora presso la Fiduciaria ORSINI.<\/p>\n","protected":false},"author":1,"featured_media":0,"parent":0,"menu_order":0,"comment_status":"closed","ping_status":"closed","template":"elementor_header_footer","meta":{"om_disable_all_campaigns":false,"_mi_skip_tracking":false,"_monsterinsights_sitenote_active":false,"_monsterinsights_sitenote_note":"","_monsterinsights_sitenote_category":0,"_joinchat":[],"footnotes":""},"class_list":["post-1252","page","type-page","status-publish","hentry"],"aioseo_notices":[],"_links":{"self":[{"href":"https:\/\/www.orsini-treuhand.ch\/it\/wp-json\/wp\/v2\/pages\/1252"}],"collection":[{"href":"https:\/\/www.orsini-treuhand.ch\/it\/wp-json\/wp\/v2\/pages"}],"about":[{"href":"https:\/\/www.orsini-treuhand.ch\/it\/wp-json\/wp\/v2\/types\/page"}],"author":[{"embeddable":true,"href":"https:\/\/www.orsini-treuhand.ch\/it\/wp-json\/wp\/v2\/users\/1"}],"replies":[{"embeddable":true,"href":"https:\/\/www.orsini-treuhand.ch\/it\/wp-json\/wp\/v2\/comments?post=1252"}],"version-history":[{"count":1,"href":"https:\/\/www.orsini-treuhand.ch\/it\/wp-json\/wp\/v2\/pages\/1252\/revisions"}],"predecessor-version":[{"id":1253,"href":"https:\/\/www.orsini-treuhand.ch\/it\/wp-json\/wp\/v2\/pages\/1252\/revisions\/1253"}],"wp:attachment":[{"href":"https:\/\/www.orsini-treuhand.ch\/it\/wp-json\/wp\/v2\/media?parent=1252"}],"curies":[{"name":"wp","href":"https:\/\/api.w.org\/{rel}","templated":true}]}}