{"id":1284,"date":"2023-02-10T16:37:42","date_gmt":"2023-02-10T16:37:42","guid":{"rendered":"https:\/\/www.orsini-treuhand.ch\/chi-siamo\/"},"modified":"2023-04-14T12:46:47","modified_gmt":"2023-04-14T12:46:47","slug":"chi-siamo","status":"publish","type":"page","link":"https:\/\/www.orsini-treuhand.ch\/it\/chi-siamo\/","title":{"rendered":"Chi siamo"},"content":{"rendered":"\t\t<div data-elementor-type=\"wp-page\" data-elementor-id=\"1284\" class=\"elementor elementor-1284 elementor-53\" data-elementor-post-type=\"page\">\n\t\t\t\t\t\t<section class=\"elementor-section elementor-top-section elementor-element elementor-element-3cc1fc26 elementor-section-full_width elementor-section-height-min-height elementor-section-items-stretch elementor-section-content-middle elementor-section-height-default\" data-id=\"3cc1fc26\" data-element_type=\"section\" data-settings=\"{&quot;jet_parallax_layout_list&quot;:[]}\">\n\t\t\t\t\t\t\t<div class=\"elementor-background-overlay\"><\/div>\n\t\t\t\t\t\t\t<div class=\"elementor-container elementor-column-gap-no\">\n\t\t\t\t\t<div class=\"elementor-column elementor-col-50 elementor-top-column elementor-element elementor-element-79cca733\" data-id=\"79cca733\" data-element_type=\"column\" data-settings=\"{&quot;background_background&quot;:&quot;classic&quot;}\">\n\t\t\t<div class=\"elementor-widget-wrap elementor-element-populated\">\n\t\t\t\t\t\t<div class=\"elementor-element elementor-element-7c6edb20 elementor-widget elementor-widget-spacer\" data-id=\"7c6edb20\" data-element_type=\"widget\" data-widget_type=\"spacer.default\">\n\t\t\t\t<div class=\"elementor-widget-container\">\n\t\t\t<style>\/*! elementor - v3.23.0 - 10-07-2024 *\/\n.elementor-column .elementor-spacer-inner{height:var(--spacer-size)}.e-con{--container-widget-width:100%}.e-con-inner>.elementor-widget-spacer,.e-con>.elementor-widget-spacer{width:var(--container-widget-width,var(--spacer-size));--align-self:var(--container-widget-align-self,initial);--flex-shrink:0}.e-con-inner>.elementor-widget-spacer>.elementor-widget-container,.e-con>.elementor-widget-spacer>.elementor-widget-container{height:100%;width:100%}.e-con-inner>.elementor-widget-spacer>.elementor-widget-container>.elementor-spacer,.e-con>.elementor-widget-spacer>.elementor-widget-container>.elementor-spacer{height:100%}.e-con-inner>.elementor-widget-spacer>.elementor-widget-container>.elementor-spacer>.elementor-spacer-inner,.e-con>.elementor-widget-spacer>.elementor-widget-container>.elementor-spacer>.elementor-spacer-inner{height:var(--container-widget-height,var(--spacer-size))}.e-con-inner>.elementor-widget-spacer.elementor-widget-empty,.e-con>.elementor-widget-spacer.elementor-widget-empty{position:relative;min-height:22px;min-width:22px}.e-con-inner>.elementor-widget-spacer.elementor-widget-empty .elementor-widget-empty-icon,.e-con>.elementor-widget-spacer.elementor-widget-empty .elementor-widget-empty-icon{position:absolute;top:0;bottom:0;left:0;right:0;margin:auto;padding:0;width:22px;height:22px}<\/style>\t\t<div class=\"elementor-spacer\">\n\t\t\t<div class=\"elementor-spacer-inner\"><\/div>\n\t\t<\/div>\n\t\t\t\t<\/div>\n\t\t\t\t<\/div>\n\t\t\t\t\t<\/div>\n\t\t<\/div>\n\t\t\t\t<div class=\"elementor-column elementor-col-50 elementor-top-column elementor-element elementor-element-794b108d\" data-id=\"794b108d\" data-element_type=\"column\">\n\t\t\t<div class=\"elementor-widget-wrap elementor-element-populated\">\n\t\t\t\t\t\t<div class=\"elementor-element elementor-element-7c07931f elementor-widget elementor-widget-heading\" data-id=\"7c07931f\" data-element_type=\"widget\" data-widget_type=\"heading.default\">\n\t\t\t\t<div class=\"elementor-widget-container\">\n\t\t\t<style>\/*! elementor - v3.23.0 - 10-07-2024 *\/\n.elementor-heading-title{padding:0;margin:0;line-height:1}.elementor-widget-heading .elementor-heading-title[class*=elementor-size-]>a{color:inherit;font-size:inherit;line-height:inherit}.elementor-widget-heading .elementor-heading-title.elementor-size-small{font-size:15px}.elementor-widget-heading .elementor-heading-title.elementor-size-medium{font-size:19px}.elementor-widget-heading .elementor-heading-title.elementor-size-large{font-size:29px}.elementor-widget-heading .elementor-heading-title.elementor-size-xl{font-size:39px}.elementor-widget-heading .elementor-heading-title.elementor-size-xxl{font-size:59px}<\/style><h1 class=\"elementor-heading-title elementor-size-default\">Chi siamo<\/h1>\t\t<\/div>\n\t\t\t\t<\/div>\n\t\t\t\t<div class=\"elementor-element elementor-element-10c88f17 elementor-widget elementor-widget-text-editor\" data-id=\"10c88f17\" data-element_type=\"widget\" data-widget_type=\"text-editor.default\">\n\t\t\t\t<div class=\"elementor-widget-container\">\n\t\t\t<style>\/*! elementor - v3.23.0 - 10-07-2024 *\/\n.elementor-widget-text-editor.elementor-drop-cap-view-stacked .elementor-drop-cap{background-color:#69727d;color:#fff}.elementor-widget-text-editor.elementor-drop-cap-view-framed .elementor-drop-cap{color:#69727d;border:3px solid;background-color:transparent}.elementor-widget-text-editor:not(.elementor-drop-cap-view-default) .elementor-drop-cap{margin-top:8px}.elementor-widget-text-editor:not(.elementor-drop-cap-view-default) .elementor-drop-cap-letter{width:1em;height:1em}.elementor-widget-text-editor .elementor-drop-cap{float:left;text-align:center;line-height:1;font-size:50px}.elementor-widget-text-editor .elementor-drop-cap-letter{display:inline-block}<\/style>\t\t\t\t<p>La Fiduciaria ORSINI AG \u00e8 uno studio fiduciario di Winterthur che dal 2012 assiste aziende e privati. Gli esperti, che frequentano regolarmente corsi di formazione per approfondire le loro conoscenze specialistiche, offrono un&#8217;ampia gamma di servizi, tra cui contabilit\u00e0 finanziaria e paghe, risorse umane, dichiarazioni IVA, imposte e consulenza aziendale.<\/p>\n\t\t\t\t\t\t<\/div>\n\t\t\t\t<\/div>\n\t\t\t\t\t<\/div>\n\t\t<\/div>\n\t\t\t\t\t<\/div>\n\t\t<\/section>\n\t\t\t\t<section class=\"elementor-section elementor-top-section elementor-element elementor-element-52bf4162 elementor-section-full_width elementor-section-height-default elementor-section-height-default\" data-id=\"52bf4162\" data-element_type=\"section\" id=\"next\" data-settings=\"{&quot;jet_parallax_layout_list&quot;:[]}\">\n\t\t\t\t\t\t<div class=\"elementor-container elementor-column-gap-no\">\n\t\t\t\t\t<div class=\"elementor-column elementor-col-100 elementor-top-column elementor-element elementor-element-2c3bf73\" data-id=\"2c3bf73\" data-element_type=\"column\">\n\t\t\t<div class=\"elementor-widget-wrap elementor-element-populated\">\n\t\t\t\t\t\t<div class=\"elementor-element elementor-element-1aa5ffbb elementor-widget elementor-widget-heading\" data-id=\"1aa5ffbb\" data-element_type=\"widget\" data-widget_type=\"heading.default\">\n\t\t\t\t<div class=\"elementor-widget-container\">\n\t\t\t<h2 class=\"elementor-heading-title elementor-size-default\">Chi siamo e cosa facciamo<\/h2>\t\t<\/div>\n\t\t\t\t<\/div>\n\t\t\t\t<section class=\"elementor-section elementor-inner-section elementor-element elementor-element-44498c2 elementor-section-boxed elementor-section-height-default elementor-section-height-default\" data-id=\"44498c2\" data-element_type=\"section\" data-settings=\"{&quot;jet_parallax_layout_list&quot;:[]}\">\n\t\t\t\t\t\t<div class=\"elementor-container elementor-column-gap-default\">\n\t\t\t\t\t<div class=\"elementor-column elementor-col-50 elementor-inner-column elementor-element elementor-element-9c66ac4\" data-id=\"9c66ac4\" data-element_type=\"column\">\n\t\t\t<div class=\"elementor-widget-wrap elementor-element-populated\">\n\t\t\t\t\t\t<div class=\"elementor-element elementor-element-8c8798c elementor-widget elementor-widget-text-editor\" data-id=\"8c8798c\" data-element_type=\"widget\" data-widget_type=\"text-editor.default\">\n\t\t\t\t<div class=\"elementor-widget-container\">\n\t\t\t\t\t\t\t<p>La Fiduciaria ORSINI AG \u00e8 un affermato studio legale fiduciario con sede a Winterthur, fondato nel 2012. La Fiduciaria ORSINI AG offre un&#8217;ampia gamma di servizi professionali per aziende, organizzazioni e privati svizzeri e stranieri.<\/p>\n<p>Lo studio si impegna a fornire ai propri clienti una consulenza e una rappresentanza completa e di alta qualit\u00e0 davanti alle autorit\u00e0 pubbliche. In qualit\u00e0 di clienti della Fiduciaria ORSINI AG, riceverete un supporto ideale per la vostra attivit\u00e0 quotidiana, un aiuto professionale per la contabilit\u00e0 e una consulenza su questioni fiscali critiche e sull&#8217;ottimizzazione delle imposte.<\/p>\n<p>Le nostre competenze spaziano dalla contabilit\u00e0 all&#8217;ottimizzazione fiscale e comprendono anche questioni specifiche di diritto del lavoro. La Fiduciaria ORSINI AG \u00e8 anche in grado di offrire ai propri clienti soluzioni speciali in progetti transfrontalieri e di fornire loro contatti con importanti partner locali. Questo \u00e8 possibile grazie alla nostra rete internazionale e ben strutturata. Sin dalla fondazione dello studio legale fiduciario, la Germania e l&#8217;Italia sono state al centro delle nostre attivit\u00e0 internazionali.<\/p>\n\t\t\t\t\t\t<\/div>\n\t\t\t\t<\/div>\n\t\t\t\t\t<\/div>\n\t\t<\/div>\n\t\t\t\t<div class=\"elementor-column elementor-col-50 elementor-inner-column elementor-element elementor-element-a853b77\" data-id=\"a853b77\" data-element_type=\"column\">\n\t\t\t<div class=\"elementor-widget-wrap elementor-element-populated\">\n\t\t\t\t\t\t<div class=\"elementor-element elementor-element-b1812a5 elementor-widget elementor-widget-text-editor\" data-id=\"b1812a5\" data-element_type=\"widget\" data-widget_type=\"text-editor.default\">\n\t\t\t\t<div class=\"elementor-widget-container\">\n\t\t\t\t\t\t\t<p>La societ\u00e0 si impegna a rappresentare i loro interessi nel miglior modo possibile, avvalendosi della sua pluriennale esperienza nella strutturazione di transazioni e investimenti finanziari transfrontalieri e delle sue strette relazioni commerciali con consulenti fiscali, organizzazioni e autorit\u00e0 locali.<\/p>\n<p>La Fiduciaria ORSINI AG, un ambiente di lavoro professionale e stimolante \u00e8 molto importante. I valori umani non vengono dimenticati, anche con soluzioni non convenzionali. Il lavoro di squadra \u00e8 un dato di fatto per lo studio, soprattutto in caso di urgenza e di mandati di grandi dimensioni; il team si impegna quotidianamente per soddisfare le esigenze e i requisiti dei clienti e non vede l&#8217;ora di aiutarli a raggiungere i loro obiettivi.<\/p>\n<p>Lo studio stabilisce standard elevati di qualit\u00e0 legale e adotta un approccio pragmatico. Per garantire che le competenze siano sempre aggiornate, la Fiduciaria ORSINI AG attribuisce grande importanza alla promozione delle proprie competenze attraverso una formazione mirata, sia interna che esterna.<\/p>\n\t\t\t\t\t\t<\/div>\n\t\t\t\t<\/div>\n\t\t\t\t\t<\/div>\n\t\t<\/div>\n\t\t\t\t\t<\/div>\n\t\t<\/section>\n\t\t\t\t\t<\/div>\n\t\t<\/div>\n\t\t\t\t\t<\/div>\n\t\t<\/section>\n\t\t\t\t<\/div>\n\t\t","protected":false},"excerpt":{"rendered":"<p>Chi siamo La Fiduciaria ORSINI AG \u00e8 uno studio fiduciario di Winterthur che dal 2012 assiste aziende e privati. Gli esperti, che frequentano regolarmente corsi di formazione per approfondire le loro conoscenze specialistiche, offrono un&#8217;ampia gamma di servizi, tra cui contabilit\u00e0 finanziaria e paghe, risorse umane, dichiarazioni IVA, imposte e consulenza aziendale. Chi siamo e [&hellip;]<\/p>\n","protected":false},"author":1,"featured_media":0,"parent":0,"menu_order":0,"comment_status":"closed","ping_status":"closed","template":"elementor_header_footer","meta":{"om_disable_all_campaigns":false,"_mi_skip_tracking":false,"_monsterinsights_sitenote_active":false,"_monsterinsights_sitenote_note":"","_monsterinsights_sitenote_category":0,"_joinchat":[],"footnotes":""},"class_list":["post-1284","page","type-page","status-publish","hentry"],"aioseo_notices":[],"_links":{"self":[{"href":"https:\/\/www.orsini-treuhand.ch\/it\/wp-json\/wp\/v2\/pages\/1284"}],"collection":[{"href":"https:\/\/www.orsini-treuhand.ch\/it\/wp-json\/wp\/v2\/pages"}],"about":[{"href":"https:\/\/www.orsini-treuhand.ch\/it\/wp-json\/wp\/v2\/types\/page"}],"author":[{"embeddable":true,"href":"https:\/\/www.orsini-treuhand.ch\/it\/wp-json\/wp\/v2\/users\/1"}],"replies":[{"embeddable":true,"href":"https:\/\/www.orsini-treuhand.ch\/it\/wp-json\/wp\/v2\/comments?post=1284"}],"version-history":[{"count":1,"href":"https:\/\/www.orsini-treuhand.ch\/it\/wp-json\/wp\/v2\/pages\/1284\/revisions"}],"predecessor-version":[{"id":1285,"href":"https:\/\/www.orsini-treuhand.ch\/it\/wp-json\/wp\/v2\/pages\/1284\/revisions\/1285"}],"wp:attachment":[{"href":"https:\/\/www.orsini-treuhand.ch\/it\/wp-json\/wp\/v2\/media?parent=1284"}],"curies":[{"name":"wp","href":"https:\/\/api.w.org\/{rel}","templated":true}]}}